{"id":667,"date":"2026-01-30T19:58:19","date_gmt":"2026-01-30T18:58:19","guid":{"rendered":"https:\/\/camoucho.com\/wordpress\/?page_id=667"},"modified":"2026-01-30T21:16:29","modified_gmt":"2026-01-30T20:16:29","slug":"bilan-gratuit-coaching","status":"publish","type":"page","link":"https:\/\/camoucho.com\/wordpress\/bilan-gratuit-coaching\/","title":{"rendered":"Prendre rendez-vous"},"content":{"rendered":"<p>[et_pb_section fb_built=\u00a0\u00bb1&Prime; _builder_version=\u00a0\u00bb4.23.3&Prime; _module_preset=\u00a0\u00bbdefault\u00a0\u00bb background_enable_mask_style=\u00a0\u00bbon\u00a0\u00bb background_mask_style=\u00a0\u00bbdiagonal-pills\u00a0\u00bb background_mask_color=\u00a0\u00bbgcid-85923dc0-ab2b-4fe4-8494-3604e8126ba4&Prime; background_mask_transform=\u00a0\u00bbinvert\u00a0\u00bb global_colors_info=\u00a0\u00bb{%22gcid-85923dc0-ab2b-4fe4-8494-3604e8126ba4%22:%91%22background_mask_color%22%93}\u00a0\u00bb][et_pb_row _builder_version=\u00a0\u00bb4.23.3&Prime; _module_preset=\u00a0\u00bbdefault\u00a0\u00bb global_colors_info=\u00a0\u00bb{}\u00a0\u00bb][et_pb_column type=\u00a0\u00bb4_4&Prime; _builder_version=\u00a0\u00bb4.23.3&Prime; _module_preset=\u00a0\u00bbdefault\u00a0\u00bb global_colors_info=\u00a0\u00bb{}\u00a0\u00bb][et_pb_text _builder_version=\u00a0\u00bb4.23.3&Prime; _module_preset=\u00a0\u00bbdefault\u00a0\u00bb text_font=\u00a0\u00bb||on||||||\u00a0\u00bb text_text_color=\u00a0\u00bbgcid-685bc947-8422-49c2-8218-9288d2ad3cb4&Prime; text_font_size=\u00a0\u00bb30px\u00a0\u00bb text_line_height=\u00a0\u00bb1em\u00a0\u00bb text_orientation=\u00a0\u00bbcenter\u00a0\u00bb global_colors_info=\u00a0\u00bb{%22gcid-685bc947-8422-49c2-8218-9288d2ad3cb4%22:%91%22text_text_color%22%93}\u00a0\u00bb]<\/p>\n<p><span>Prenez rendez-vous pour votre bilan gratuit en coaching nutrition, sportif, d\u00e9veloppement personnel et mental<\/span><\/p>\n<p>[\/et_pb_text][\/et_pb_column][\/et_pb_row][et_pb_row column_structure=\u00a0\u00bb1_2,1_2&Prime; _builder_version=\u00a0\u00bb4.23.3&Prime; _module_preset=\u00a0\u00bbdefault\u00a0\u00bb custom_padding=\u00a0\u00bb||3px|||\u00a0\u00bb global_colors_info=\u00a0\u00bb{}\u00a0\u00bb][et_pb_column type=\u00a0\u00bb1_2&Prime; _builder_version=\u00a0\u00bb4.23.3&Prime; _module_preset=\u00a0\u00bbdefault\u00a0\u00bb global_colors_info=\u00a0\u00bb{}\u00a0\u00bb][et_pb_text _builder_version=\u00a0\u00bb4.23.3&Prime; _module_preset=\u00a0\u00bbdefault\u00a0\u00bb global_colors_info=\u00a0\u00bb{}\u00a0\u00bb]<\/p>\n<p><span>Un premier \u00e9change offert pour faire le point sur vos objectifs, votre mode de vie et vos besoins d\u2019accompagnement.<\/span><\/p>\n<p><span><\/span><\/p>\n<p data-start=\"542\" data-end=\"700\">B\u00e9n\u00e9ficiez d\u2019un <strong data-start=\"558\" data-end=\"594\">bilan gratuit et sans engagement<\/strong> avec un coach dipl\u00f4m\u00e9 en <strong data-start=\"623\" data-end=\"636\">nutrition<\/strong>, <strong data-start=\"638\" data-end=\"658\">coaching sportif<\/strong> et <strong data-start=\"662\" data-end=\"699\">d\u00e9veloppement personnel et mental<\/strong>.<\/p>\n<p data-start=\"702\" data-end=\"925\">Ce premier rendez-vous permet d\u2019\u00e9changer sur votre situation actuelle, vos objectifs (sant\u00e9, perte de poids, performance, bien-\u00eatre, motivation) et de d\u00e9finir ensemble la solution de coaching la plus adapt\u00e9e \u00e0 votre profil.<\/p>\n<p data-start=\"927\" data-end=\"1160\">Que vous souhaitiez am\u00e9liorer votre alimentation, reprendre une activit\u00e9 physique, renforcer votre mental ou retrouver un meilleur \u00e9quilibre de vie, ce bilan personnalis\u00e9 est la premi\u00e8re \u00e9tape pour d\u00e9marrer dans de bonnes conditions.<\/p>\n<p data-start=\"1162\" data-end=\"1242\">\ud83d\udc49 Prenez ci-dessous, votre rendez-vous sur le planning de camoucho, votre coach holistique.<\/p>\n<p>[\/et_pb_text][et_pb_text _builder_version=\u00a0\u00bb4.23.3&Prime; _module_preset=\u00a0\u00bbdefault\u00a0\u00bb global_colors_info=\u00a0\u00bb{}\u00a0\u00bb]<\/p>\n<p><span>\u2714 Bilan 100 % gratuit<\/span><br data-start=\"1325\" data-end=\"1328\" \/><span>\u2714 Sans engagement<\/span><br data-start=\"1345\" data-end=\"1348\" \/><span>\u2714 Coaching personnalis\u00e9<\/span><\/p>\n<p>[\/et_pb_text][\/et_pb_column][et_pb_column type=\u00a0\u00bb1_2&Prime; _builder_version=\u00a0\u00bb4.23.3&Prime; _module_preset=\u00a0\u00bbdefault\u00a0\u00bb global_colors_info=\u00a0\u00bb{}\u00a0\u00bb][et_pb_code _builder_version=\u00a0\u00bb4.23.3&Prime; _module_preset=\u00a0\u00bbdefault\u00a0\u00bb text_orientation=\u00a0\u00bbcenter\u00a0\u00bb global_colors_info=\u00a0\u00bb{}\u00a0\u00bb]<\/p>\n<div class=\"calendly-inline-widget\"<!-- [et_pb_line_break_holder] -->     data-url=\u00a0\u00bbhttps:\/\/calendly.com\/dietisport58\/entretien-et-bilan-gratuit?hide_event_type_details=1&#038;hide_gdpr_banner=1&Prime;<!-- [et_pb_line_break_holder] -->     style=\u00a0\u00bbmin-width:320px;height:700px;\u00a0\u00bb><!-- [et_pb_line_break_holder] --><\/div>\n<p><!-- [et_pb_line_break_holder] --><script src=\"https:\/\/assets.calendly.com\/assets\/external\/widget.js\" async><\/script><!-- [et_pb_line_break_holder] -->[\/et_pb_code][\/et_pb_column][\/et_pb_row][et_pb_row _builder_version=\u00a0\u00bb4.23.3&Prime; _module_preset=\u00a0\u00bbdefault\u00a0\u00bb custom_padding=\u00a0\u00bb7px|||||\u00a0\u00bb][et_pb_column _builder_version=\u00a0\u00bb4.23.3&Prime; _module_preset=\u00a0\u00bbdefault\u00a0\u00bb type=\u00a0\u00bb4_4&Prime;][et_pb_image src=\u00a0\u00bbhttps:\/\/camoucho.com\/wordpress\/wp-content\/uploads\/2025\/09\/FABRICE_CAMOU_LOGO-removebg-preview.png\u00a0\u00bb _builder_version=\u00a0\u00bb4.23.3&Prime; _module_preset=\u00a0\u00bbdefault\u00a0\u00bb alt=\u00a0\u00bbFabrice Camou ; Coach sportif ; Bordeaux ; Cr\u00e9on\u00a0\u00bb title_text=\u00a0\u00bbFabrice Camou ; Coach sportif ; Bordeaux ; Cr\u00e9on\u00a0\u00bb align=\u00a0\u00bbcenter\u00a0\u00bb hover_enabled=\u00a0\u00bb0&Prime; sticky_enabled=\u00a0\u00bb0&Prime; custom_padding=\u00a0\u00bb0px|||||\u00a0\u00bb custom_margin=\u00a0\u00bb0px|||||\u00a0\u00bb][\/et_pb_image][\/et_pb_column][\/et_pb_row][\/et_pb_section]<\/p>\n","protected":false},"excerpt":{"rendered":"<p>Prenez rendez-vous pour votre bilan gratuit en coaching nutrition, sportif, d\u00e9veloppement personnel et mentalUn premier \u00e9change offert pour faire le point sur vos objectifs, votre mode de vie et vos besoins d\u2019accompagnement. B\u00e9n\u00e9ficiez d\u2019un bilan gratuit et sans engagement avec un coach dipl\u00f4m\u00e9 en nutrition, coaching sportif et d\u00e9veloppement personnel et mental. Ce premier rendez-vous [&hellip;]<\/p>\n","protected":false},"author":3,"featured_media":0,"parent":0,"menu_order":0,"comment_status":"closed","ping_status":"closed","template":"","meta":{"_et_pb_use_builder":"on","_et_pb_old_content":"","_et_gb_content_width":"","footnotes":""},"dipi_cpt_category":[],"class_list":["post-667","page","type-page","status-publish","hentry"],"yoast_head":"<!-- This site is optimized with the Yoast SEO plugin v25.9 - https:\/\/yoast.com\/wordpress\/plugins\/seo\/ -->\n<title>Prendre rendez-vous - Camoucho<\/title>\n<meta name=\"description\" content=\"R\u00e9servez votre bilan gratuit en coaching nutrition, coaching sportif et d\u00e9veloppement personnel. Premier \u00e9change sans engagement pour faire le point sur vos objectifs.\" \/>\n<meta name=\"robots\" content=\"index, follow, max-snippet:-1, max-image-preview:large, max-video-preview:-1\" \/>\n<link rel=\"canonical\" href=\"https:\/\/camoucho.com\/wordpress\/bilan-gratuit-coaching\/\" \/>\n<meta property=\"og:locale\" content=\"fr_FR\" \/>\n<meta property=\"og:type\" content=\"article\" \/>\n<meta property=\"og:title\" content=\"Prendre rendez-vous - Camoucho\" \/>\n<meta property=\"og:description\" content=\"R\u00e9servez votre bilan gratuit en coaching nutrition, coaching sportif et d\u00e9veloppement personnel. Premier \u00e9change sans engagement pour faire le point sur vos objectifs.\" \/>\n<meta property=\"og:url\" content=\"https:\/\/camoucho.com\/wordpress\/bilan-gratuit-coaching\/\" \/>\n<meta property=\"og:site_name\" content=\"Camoucho\" \/>\n<meta property=\"article:modified_time\" content=\"2026-01-30T20:16:29+00:00\" \/>\n<meta name=\"twitter:card\" content=\"summary_large_image\" \/>\n<meta name=\"twitter:label1\" content=\"Dur\u00e9e de lecture estim\u00e9e\" \/>\n\t<meta name=\"twitter:data1\" content=\"1 minute\" \/>\n<script type=\"application\/ld+json\" class=\"yoast-schema-graph\">{\"@context\":\"https:\/\/schema.org\",\"@graph\":[{\"@type\":\"WebPage\",\"@id\":\"https:\/\/camoucho.com\/wordpress\/bilan-gratuit-coaching\/\",\"url\":\"https:\/\/camoucho.com\/wordpress\/bilan-gratuit-coaching\/\",\"name\":\"Prendre rendez-vous - Camoucho\",\"isPartOf\":{\"@id\":\"https:\/\/camoucho.com\/wordpress\/#website\"},\"datePublished\":\"2026-01-30T18:58:19+00:00\",\"dateModified\":\"2026-01-30T20:16:29+00:00\",\"description\":\"R\u00e9servez votre bilan gratuit en coaching nutrition, coaching sportif et d\u00e9veloppement personnel. Premier \u00e9change sans engagement pour faire le point sur vos objectifs.\",\"breadcrumb\":{\"@id\":\"https:\/\/camoucho.com\/wordpress\/bilan-gratuit-coaching\/#breadcrumb\"},\"inLanguage\":\"fr-FR\",\"potentialAction\":[{\"@type\":\"ReadAction\",\"target\":[\"https:\/\/camoucho.com\/wordpress\/bilan-gratuit-coaching\/\"]}]},{\"@type\":\"BreadcrumbList\",\"@id\":\"https:\/\/camoucho.com\/wordpress\/bilan-gratuit-coaching\/#breadcrumb\",\"itemListElement\":[{\"@type\":\"ListItem\",\"position\":1,\"name\":\"Accueil\",\"item\":\"https:\/\/camoucho.com\/wordpress\/\"},{\"@type\":\"ListItem\",\"position\":2,\"name\":\"Prendre rendez-vous\"}]},{\"@type\":\"WebSite\",\"@id\":\"https:\/\/camoucho.com\/wordpress\/#website\",\"url\":\"https:\/\/camoucho.com\/wordpress\/\",\"name\":\"Camoucho\",\"description\":\"\",\"publisher\":{\"@id\":\"https:\/\/camoucho.com\/wordpress\/#organization\"},\"potentialAction\":[{\"@type\":\"SearchAction\",\"target\":{\"@type\":\"EntryPoint\",\"urlTemplate\":\"https:\/\/camoucho.com\/wordpress\/?s={search_term_string}\"},\"query-input\":{\"@type\":\"PropertyValueSpecification\",\"valueRequired\":true,\"valueName\":\"search_term_string\"}}],\"inLanguage\":\"fr-FR\"},{\"@type\":\"Organization\",\"@id\":\"https:\/\/camoucho.com\/wordpress\/#organization\",\"name\":\"Camoucho\",\"url\":\"https:\/\/camoucho.com\/wordpress\/\",\"logo\":{\"@type\":\"ImageObject\",\"inLanguage\":\"fr-FR\",\"@id\":\"https:\/\/camoucho.com\/wordpress\/#\/schema\/logo\/image\/\",\"url\":\"https:\/\/camoucho.com\/wordpress\/wp-content\/uploads\/2025\/09\/FABRICE_CAMOU_LOGO-removebg-preview.png\",\"contentUrl\":\"https:\/\/camoucho.com\/wordpress\/wp-content\/uploads\/2025\/09\/FABRICE_CAMOU_LOGO-removebg-preview.png\",\"width\":500,\"height\":500,\"caption\":\"Camoucho\"},\"image\":{\"@id\":\"https:\/\/camoucho.com\/wordpress\/#\/schema\/logo\/image\/\"}}]}<\/script>\n<!-- \/ Yoast SEO plugin. -->","yoast_head_json":{"title":"Prendre rendez-vous - Camoucho","description":"R\u00e9servez votre bilan gratuit en coaching nutrition, coaching sportif et d\u00e9veloppement personnel. Premier \u00e9change sans engagement pour faire le point sur vos objectifs.","robots":{"index":"index","follow":"follow","max-snippet":"max-snippet:-1","max-image-preview":"max-image-preview:large","max-video-preview":"max-video-preview:-1"},"canonical":"https:\/\/camoucho.com\/wordpress\/bilan-gratuit-coaching\/","og_locale":"fr_FR","og_type":"article","og_title":"Prendre rendez-vous - Camoucho","og_description":"R\u00e9servez votre bilan gratuit en coaching nutrition, coaching sportif et d\u00e9veloppement personnel. Premier \u00e9change sans engagement pour faire le point sur vos objectifs.","og_url":"https:\/\/camoucho.com\/wordpress\/bilan-gratuit-coaching\/","og_site_name":"Camoucho","article_modified_time":"2026-01-30T20:16:29+00:00","twitter_card":"summary_large_image","twitter_misc":{"Dur\u00e9e de lecture estim\u00e9e":"1 minute"},"schema":{"@context":"https:\/\/schema.org","@graph":[{"@type":"WebPage","@id":"https:\/\/camoucho.com\/wordpress\/bilan-gratuit-coaching\/","url":"https:\/\/camoucho.com\/wordpress\/bilan-gratuit-coaching\/","name":"Prendre rendez-vous - Camoucho","isPartOf":{"@id":"https:\/\/camoucho.com\/wordpress\/#website"},"datePublished":"2026-01-30T18:58:19+00:00","dateModified":"2026-01-30T20:16:29+00:00","description":"R\u00e9servez votre bilan gratuit en coaching nutrition, coaching sportif et d\u00e9veloppement personnel. Premier \u00e9change sans engagement pour faire le point sur vos objectifs.","breadcrumb":{"@id":"https:\/\/camoucho.com\/wordpress\/bilan-gratuit-coaching\/#breadcrumb"},"inLanguage":"fr-FR","potentialAction":[{"@type":"ReadAction","target":["https:\/\/camoucho.com\/wordpress\/bilan-gratuit-coaching\/"]}]},{"@type":"BreadcrumbList","@id":"https:\/\/camoucho.com\/wordpress\/bilan-gratuit-coaching\/#breadcrumb","itemListElement":[{"@type":"ListItem","position":1,"name":"Accueil","item":"https:\/\/camoucho.com\/wordpress\/"},{"@type":"ListItem","position":2,"name":"Prendre rendez-vous"}]},{"@type":"WebSite","@id":"https:\/\/camoucho.com\/wordpress\/#website","url":"https:\/\/camoucho.com\/wordpress\/","name":"Camoucho","description":"","publisher":{"@id":"https:\/\/camoucho.com\/wordpress\/#organization"},"potentialAction":[{"@type":"SearchAction","target":{"@type":"EntryPoint","urlTemplate":"https:\/\/camoucho.com\/wordpress\/?s={search_term_string}"},"query-input":{"@type":"PropertyValueSpecification","valueRequired":true,"valueName":"search_term_string"}}],"inLanguage":"fr-FR"},{"@type":"Organization","@id":"https:\/\/camoucho.com\/wordpress\/#organization","name":"Camoucho","url":"https:\/\/camoucho.com\/wordpress\/","logo":{"@type":"ImageObject","inLanguage":"fr-FR","@id":"https:\/\/camoucho.com\/wordpress\/#\/schema\/logo\/image\/","url":"https:\/\/camoucho.com\/wordpress\/wp-content\/uploads\/2025\/09\/FABRICE_CAMOU_LOGO-removebg-preview.png","contentUrl":"https:\/\/camoucho.com\/wordpress\/wp-content\/uploads\/2025\/09\/FABRICE_CAMOU_LOGO-removebg-preview.png","width":500,"height":500,"caption":"Camoucho"},"image":{"@id":"https:\/\/camoucho.com\/wordpress\/#\/schema\/logo\/image\/"}}]}},"_links":{"self":[{"href":"https:\/\/camoucho.com\/wordpress\/wp-json\/wp\/v2\/pages\/667","targetHints":{"allow":["GET"]}}],"collection":[{"href":"https:\/\/camoucho.com\/wordpress\/wp-json\/wp\/v2\/pages"}],"about":[{"href":"https:\/\/camoucho.com\/wordpress\/wp-json\/wp\/v2\/types\/page"}],"author":[{"embeddable":true,"href":"https:\/\/camoucho.com\/wordpress\/wp-json\/wp\/v2\/users\/3"}],"replies":[{"embeddable":true,"href":"https:\/\/camoucho.com\/wordpress\/wp-json\/wp\/v2\/comments?post=667"}],"version-history":[{"count":10,"href":"https:\/\/camoucho.com\/wordpress\/wp-json\/wp\/v2\/pages\/667\/revisions"}],"predecessor-version":[{"id":686,"href":"https:\/\/camoucho.com\/wordpress\/wp-json\/wp\/v2\/pages\/667\/revisions\/686"}],"wp:attachment":[{"href":"https:\/\/camoucho.com\/wordpress\/wp-json\/wp\/v2\/media?parent=667"}],"wp:term":[{"taxonomy":"dipi_cpt_category","embeddable":true,"href":"https:\/\/camoucho.com\/wordpress\/wp-json\/wp\/v2\/dipi_cpt_category?post=667"}],"curies":[{"name":"wp","href":"https:\/\/api.w.org\/{rel}","templated":true}]}}