{"id":31,"date":"2025-09-05T22:43:56","date_gmt":"2025-09-05T20:43:56","guid":{"rendered":"https:\/\/camoucho.com\/wordpress\/?page_id=31"},"modified":"2025-09-16T20:34:08","modified_gmt":"2025-09-16T18:34:08","slug":"coaching-mental-developpement-personnel-bordeaux","status":"publish","type":"page","link":"https:\/\/camoucho.com\/wordpress\/coaching-mental-developpement-personnel-bordeaux\/","title":{"rendered":"Coaching d\u00e9veloppement personnel &#8211; Coaching mental\u00a0"},"content":{"rendered":"<p>[et_pb_section fb_built=\u00a0\u00bb1&Prime; _builder_version=\u00a0\u00bb4.23.3&Prime; _module_preset=\u00a0\u00bbdefault\u00a0\u00bb background_color=\u00a0\u00bbgcid-85923dc0-ab2b-4fe4-8494-3604e8126ba4&Prime; background_enable_mask_style=\u00a0\u00bbon\u00a0\u00bb background_mask_style=\u00a0\u00bbfloating-squares\u00a0\u00bb global_colors_info=\u00a0\u00bb{%22gcid-85923dc0-ab2b-4fe4-8494-3604e8126ba4%22:%91%22background_color%22%93}\u00a0\u00bb][et_pb_row _builder_version=\u00a0\u00bb4.23.3&Prime; _module_preset=\u00a0\u00bbdefault\u00a0\u00bb global_colors_info=\u00a0\u00bb{}\u00a0\u00bb][et_pb_column type=\u00a0\u00bb4_4&Prime; _builder_version=\u00a0\u00bb4.23.3&Prime; _module_preset=\u00a0\u00bbdefault\u00a0\u00bb global_colors_info=\u00a0\u00bb{}\u00a0\u00bb][et_pb_text _builder_version=\u00a0\u00bb4.23.3&Prime; _module_preset=\u00a0\u00bbdefault\u00a0\u00bb text_font=\u00a0\u00bbRoboto Flex||||||||\u00a0\u00bb text_text_color=\u00a0\u00bbgcid-685bc947-8422-49c2-8218-9288d2ad3cb4&Prime; text_font_size=\u00a0\u00bb32px\u00a0\u00bb global_colors_info=\u00a0\u00bb{%22gcid-685bc947-8422-49c2-8218-9288d2ad3cb4%22:%91%22text_text_color%22%93}\u00a0\u00bb]<\/p>\n<p><em><strong>M\u00e9tamorphosez votre vie \u2013 Coaching mental et d\u00e9veloppement personnel avec Fabrice Camou<\/strong><\/em><\/p>\n<p>[\/et_pb_text][\/et_pb_column][\/et_pb_row][et_pb_row column_structure=\u00a0\u00bb1_2,1_2&Prime; _builder_version=\u00a0\u00bb4.23.3&Prime; _module_preset=\u00a0\u00bbdefault\u00a0\u00bb global_colors_info=\u00a0\u00bb{}\u00a0\u00bb][et_pb_column type=\u00a0\u00bb1_2&Prime; _builder_version=\u00a0\u00bb4.23.3&Prime; _module_preset=\u00a0\u00bbdefault\u00a0\u00bb global_colors_info=\u00a0\u00bb{}\u00a0\u00bb][et_pb_text _builder_version=\u00a0\u00bb4.23.3&Prime; _module_preset=\u00a0\u00bbdefault\u00a0\u00bb global_colors_info=\u00a0\u00bb{}\u00a0\u00bb]<\/p>\n<p>Avec mon exp\u00e9rience en coaching sportif, en nutrition et en coaching mental et coaching d\u00e9veloppement personnel, j\u2019ai construit une m\u00e9thode directe et authentique : pas de d\u00e9tours inutiles, juste des solutions adapt\u00e9es \u00e0 toi, ton rythme et tes objectifs.<\/p>\n<p>[\/et_pb_text][et_pb_text _builder_version=\u00a0\u00bb4.23.3&Prime; _module_preset=\u00a0\u00bbdefault\u00a0\u00bb text_text_color=\u00a0\u00bbgcid-4b579e42-63c6-49ec-b5a5-4af2f935a948&Prime; text_font_size=\u00a0\u00bb22px\u00a0\u00bb global_colors_info=\u00a0\u00bb{%22gcid-4b579e42-63c6-49ec-b5a5-4af2f935a948%22:%91%22text_text_color%22%93}\u00a0\u00bb]<\/p>\n<p><em><strong>Ce que je peux t\u2019apporter :<\/strong><\/em><\/p>\n<p>[\/et_pb_text][et_pb_text _builder_version=\u00a0\u00bb4.23.3&Prime; _module_preset=\u00a0\u00bbdefault\u00a0\u00bb global_colors_info=\u00a0\u00bb{}\u00a0\u00bb]<\/p>\n<ul>\n<li data-start=\"814\" data-end=\"851\">\n<p data-start=\"816\" data-end=\"851\">Retrouver confiance et motivation<\/p>\n<\/li>\n<li data-start=\"852\" data-end=\"978\">\n<p data-start=\"854\" data-end=\"978\">Surmonter des p\u00e9riodes compliqu\u00e9es (s\u00e9paration, deuil, reconversion, pr\u00e9paration d\u2019examen, grossesse, changements de vie\u2026)<\/p>\n<\/li>\n<li data-start=\"979\" data-end=\"1052\">\n<p data-start=\"981\" data-end=\"1052\">Apprendre \u00e0 g\u00e9rer le stress, l\u2019anxi\u00e9t\u00e9 et les \u00e9motions qui paralysent<\/p>\n<\/li>\n<li data-start=\"1053\" data-end=\"1155\">\n<p data-start=\"1055\" data-end=\"1155\">Sortir des comportements r\u00e9p\u00e9titifs ou des d\u00e9pendances (alimentaires, digitales, affectives, etc.)<\/p>\n<\/li>\n<\/ul>\n<p>[\/et_pb_text][et_pb_text _builder_version=\u00a0\u00bb4.23.3&Prime; _module_preset=\u00a0\u00bbdefault\u00a0\u00bb global_colors_info=\u00a0\u00bb{}\u00a0\u00bb]<\/p>\n<p style=\"text-align: center;\"><strong>Chaque s\u00e9ance est un pas vers plus de clart\u00e9, d\u2019\u00e9quilibre et de force int\u00e9rieure. Ici, pas de jugement ni de tabous : on travaille ensemble pour transformer ce qui te freine en une nouvelle \u00e9nergie positive.<\/strong><\/p>\n<p>[\/et_pb_text][et_pb_text _builder_version=\u00a0\u00bb4.23.3&Prime; _module_preset=\u00a0\u00bbdefault\u00a0\u00bb global_colors_info=\u00a0\u00bb{}\u00a0\u00bb]<\/p>\n<p><span>Le moment d\u2019agir, c\u2019est maintenant : reprends le pouvoir sur ta vie !<\/span><\/p>\n<p>[\/et_pb_text][et_pb_text _builder_version=\u00a0\u00bb4.23.3&Prime; _module_preset=\u00a0\u00bbdefault\u00a0\u00bb text_text_color=\u00a0\u00bbgcid-4b579e42-63c6-49ec-b5a5-4af2f935a948&Prime; text_font_size=\u00a0\u00bb22px\u00a0\u00bb global_colors_info=\u00a0\u00bb{%22gcid-4b579e42-63c6-49ec-b5a5-4af2f935a948%22:%91%22text_text_color%22%93}\u00a0\u00bb]<\/p>\n<p><em><b>O\u00f9 et comment se d\u00e9roulent les s\u00e9ances ?<\/b><\/em><\/p>\n<p>[\/et_pb_text][et_pb_text _builder_version=\u00a0\u00bb4.23.3&Prime; _module_preset=\u00a0\u00bbdefault\u00a0\u00bb global_colors_info=\u00a0\u00bb{}\u00a0\u00bb]<\/p>\n<ul>\n<li><b>\u00c0 domicile<\/b> : votre coach sportif se d\u00e9place dans la r\u00e9gion bordelaise, autour de Cr\u00e9on<\/li>\n<li><b>En ligne<\/b> : en visio ou via mon appli <b>Camoucho.com<\/b>, que j\u2019ai sp\u00e9cialement con\u00e7ue pour un suivi sportif \u00e0 distance<\/li>\n<li>En pr\u00e9sentiel : \u00e0 votre domicile ou au mien<\/li>\n<\/ul>\n<p>[\/et_pb_text][et_pb_button button_url=\u00a0\u00bbhttps:\/\/camoucho.com\/wordpress\/contact\/\u00a0\u00bb url_new_window=\u00a0\u00bbon\u00a0\u00bb button_text=\u00a0\u00bbCONTACT\u00a0\u00bb button_alignment=\u00a0\u00bbcenter\u00a0\u00bb _builder_version=\u00a0\u00bb4.23.3&Prime; _module_preset=\u00a0\u00bbdefault\u00a0\u00bb custom_button=\u00a0\u00bbon\u00a0\u00bb button_text_color=\u00a0\u00bb#FFFFFF\u00a0\u00bb button_bg_color=\u00a0\u00bbgcid-4b579e42-63c6-49ec-b5a5-4af2f935a948&Prime; global_colors_info=\u00a0\u00bb{%22gcid-4b579e42-63c6-49ec-b5a5-4af2f935a948%22:%91%22button_bg_color%22%93}\u00a0\u00bb][\/et_pb_button][\/et_pb_column][et_pb_column type=\u00a0\u00bb1_2&Prime; _builder_version=\u00a0\u00bb4.23.3&Prime; _module_preset=\u00a0\u00bbdefault\u00a0\u00bb global_colors_info=\u00a0\u00bb{}\u00a0\u00bb][et_pb_text _builder_version=\u00a0\u00bb4.23.3&Prime; _module_preset=\u00a0\u00bbdefault\u00a0\u00bb global_colors_info=\u00a0\u00bb{}\u00a0\u00bb]<\/p>\n<p>Pour plus d&rsquo;informations, regarde la vid\u00e9o :<\/p>\n<p>[\/et_pb_text][et_pb_video src=\u00a0\u00bbhttps:\/\/camoucho.com\/wordpress\/wp-content\/uploads\/2025\/09\/Video-dev-perso-et-mental-1.mp4&Prime; image_src=\u00a0\u00bbhttps:\/\/camoucho.com\/wordpress\/wp-content\/uploads\/2025\/09\/Capture-decran-2025-09-07-a-13.57.12.png\u00a0\u00bb _builder_version=\u00a0\u00bb4.23.3&Prime; _module_preset=\u00a0\u00bbdefault\u00a0\u00bb hover_enabled=\u00a0\u00bb0&Prime; global_colors_info=\u00a0\u00bb{}\u00a0\u00bb title_text=\u00a0\u00bbcoach sportif Bordeaux d\u00e9veloppement personnel\u00a0\u00bb sticky_enabled=\u00a0\u00bb0&Prime;][\/et_pb_video][et_pb_text _builder_version=\u00a0\u00bb4.23.3&Prime; _module_preset=\u00a0\u00bbdefault\u00a0\u00bb text_font=\u00a0\u00bb|||on|||||\u00a0\u00bb text_text_color=\u00a0\u00bbgcid-4b579e42-63c6-49ec-b5a5-4af2f935a948&Prime; text_font_size=\u00a0\u00bb22px\u00a0\u00bb text_orientation=\u00a0\u00bbcenter\u00a0\u00bb global_colors_info=\u00a0\u00bb{%22gcid-4b579e42-63c6-49ec-b5a5-4af2f935a948%22:%91%22text_text_color%22%93}\u00a0\u00bb]<\/p>\n<ol>\n<li data-start=\"122\" data-end=\"147\">\n<p data-start=\"125\" data-end=\"147\"><em><strong data-start=\"125\" data-end=\"145\">Passe \u00e0 l\u2019action<\/strong><strong data-start=\"125\" data-end=\"145\"><\/strong><\/em><\/p>\n<\/li>\n<li data-start=\"148\" data-end=\"182\">\n<p data-start=\"151\" data-end=\"182\"><em><strong data-start=\"151\" data-end=\"180\">Adopte la pens\u00e9e positive<\/strong><\/em><\/p>\n<\/li>\n<li data-start=\"183\" data-end=\"211\">\n<p data-start=\"186\" data-end=\"211\"><em><strong data-start=\"186\" data-end=\"209\">R\u00e9ussis tes projets<\/strong><\/em><\/p>\n<\/li>\n<\/ol>\n<p>[\/et_pb_text][\/et_pb_column][\/et_pb_row][\/et_pb_section][et_pb_section fb_built=\u00a0\u00bb1&Prime; _builder_version=\u00a0\u00bb4.23.3&Prime; _module_preset=\u00a0\u00bbdefault\u00a0\u00bb background_color=\u00a0\u00bbgcid-685bc947-8422-49c2-8218-9288d2ad3cb4&Prime; global_colors_info=\u00a0\u00bb{%22gcid-685bc947-8422-49c2-8218-9288d2ad3cb4%22:%91%22background_color%22%93}\u00a0\u00bb][et_pb_row column_structure=\u00a0\u00bb1_3,1_3,1_3&Prime; _builder_version=\u00a0\u00bb4.23.3&Prime; _module_preset=\u00a0\u00bbdefault\u00a0\u00bb global_colors_info=\u00a0\u00bb{}\u00a0\u00bb][et_pb_column type=\u00a0\u00bb1_3&Prime; _builder_version=\u00a0\u00bb4.23.3&Prime; _module_preset=\u00a0\u00bbdefault\u00a0\u00bb global_colors_info=\u00a0\u00bb{}\u00a0\u00bb][\/et_pb_column][et_pb_column type=\u00a0\u00bb1_3&Prime; _builder_version=\u00a0\u00bb4.23.3&Prime; _module_preset=\u00a0\u00bbdefault\u00a0\u00bb global_colors_info=\u00a0\u00bb{}\u00a0\u00bb][et_pb_image src=\u00a0\u00bbhttps:\/\/camoucho.com\/wordpress\/wp-content\/uploads\/2025\/09\/cropped-logo-1.jpg\u00a0\u00bb alt=\u00a0\u00bbcoach sportif Bordeaux d\u00e9veloppement personnel\u00a0\u00bb title_text=\u00a0\u00bbcropped-logo-1.jpg\u00a0\u00bb align=\u00a0\u00bbcenter\u00a0\u00bb _builder_version=\u00a0\u00bb4.23.3&Prime; _module_preset=\u00a0\u00bbdefault\u00a0\u00bb background_color=\u00a0\u00bb#FFFFFF\u00a0\u00bb border_radii=\u00a0\u00bbon|22px|22px|22px|22px\u00a0\u00bb global_colors_info=\u00a0\u00bb{}\u00a0\u00bb][\/et_pb_image][\/et_pb_column][et_pb_column type=\u00a0\u00bb1_3&Prime; _builder_version=\u00a0\u00bb4.23.3&Prime; _module_preset=\u00a0\u00bbdefault\u00a0\u00bb global_colors_info=\u00a0\u00bb{}\u00a0\u00bb][\/et_pb_column][\/et_pb_row][\/et_pb_section]<\/p>\n","protected":false},"excerpt":{"rendered":"<p>M\u00e9tamorphosez votre vie \u2013 Coaching mental et d\u00e9veloppement personnel avec Fabrice CamouAvec mon exp\u00e9rience en coaching sportif, en nutrition et en coaching mental et coaching d\u00e9veloppement personnel, j\u2019ai construit une m\u00e9thode directe et authentique : pas de d\u00e9tours inutiles, juste des solutions adapt\u00e9es \u00e0 toi, ton rythme et tes objectifs.Ce que je peux t\u2019apporter : [&hellip;]<\/p>\n","protected":false},"author":3,"featured_media":0,"parent":0,"menu_order":0,"comment_status":"closed","ping_status":"closed","template":"","meta":{"_et_pb_use_builder":"on","_et_pb_old_content":"<!-- wp:divi\/placeholder \/-->","_et_gb_content_width":"","footnotes":""},"dipi_cpt_category":[],"class_list":["post-31","page","type-page","status-publish","hentry"],"yoast_head":"<!-- This site is optimized with the Yoast SEO plugin v25.9 - https:\/\/yoast.com\/wordpress\/plugins\/seo\/ -->\n<title>Coaching d\u00e9veloppement personnel - Coaching mental\u00a0 - Camoucho<\/title>\n<meta name=\"description\" content=\"Avec Fabrice Camou, coach \u00e0 Bordeaux, d\u00e9veloppez votre potentiel et votre \u00e9quilibre gr\u00e2ce \u00e0 un coaching mental et un coaching d\u00e9veloppement personnel personnalis\u00e9. Retrouvez motivation, confiance et \u00e9nergie pour avancer sereinement.\" \/>\n<meta name=\"robots\" content=\"index, follow, max-snippet:-1, max-image-preview:large, max-video-preview:-1\" \/>\n<link rel=\"canonical\" href=\"https:\/\/camoucho.com\/wordpress\/coaching-mental-developpement-personnel-bordeaux\/\" \/>\n<meta property=\"og:locale\" content=\"fr_FR\" \/>\n<meta property=\"og:type\" content=\"article\" \/>\n<meta property=\"og:title\" content=\"Coaching d\u00e9veloppement personnel - Coaching mental\u00a0 - Camoucho\" \/>\n<meta property=\"og:description\" content=\"Avec Fabrice Camou, coach \u00e0 Bordeaux, d\u00e9veloppez votre potentiel et votre \u00e9quilibre gr\u00e2ce \u00e0 un coaching mental et un coaching d\u00e9veloppement personnel personnalis\u00e9. Retrouvez motivation, confiance et \u00e9nergie pour avancer sereinement.\" \/>\n<meta property=\"og:url\" content=\"https:\/\/camoucho.com\/wordpress\/coaching-mental-developpement-personnel-bordeaux\/\" \/>\n<meta property=\"og:site_name\" content=\"Camoucho\" \/>\n<meta property=\"article:modified_time\" content=\"2025-09-16T18:34:08+00:00\" \/>\n<meta name=\"twitter:card\" content=\"summary_large_image\" \/>\n<meta name=\"twitter:label1\" content=\"Dur\u00e9e de lecture estim\u00e9e\" \/>\n\t<meta name=\"twitter:data1\" content=\"1 minute\" \/>\n<script type=\"application\/ld+json\" class=\"yoast-schema-graph\">{\"@context\":\"https:\/\/schema.org\",\"@graph\":[{\"@type\":\"WebPage\",\"@id\":\"https:\/\/camoucho.com\/wordpress\/coaching-mental-developpement-personnel-bordeaux\/\",\"url\":\"https:\/\/camoucho.com\/wordpress\/coaching-mental-developpement-personnel-bordeaux\/\",\"name\":\"Coaching d\u00e9veloppement personnel - Coaching mental\u00a0 - Camoucho\",\"isPartOf\":{\"@id\":\"https:\/\/camoucho.com\/wordpress\/#website\"},\"datePublished\":\"2025-09-05T20:43:56+00:00\",\"dateModified\":\"2025-09-16T18:34:08+00:00\",\"description\":\"Avec Fabrice Camou, coach \u00e0 Bordeaux, d\u00e9veloppez votre potentiel et votre \u00e9quilibre gr\u00e2ce \u00e0 un coaching mental et un coaching d\u00e9veloppement personnel personnalis\u00e9. Retrouvez motivation, confiance et \u00e9nergie pour avancer sereinement.\",\"breadcrumb\":{\"@id\":\"https:\/\/camoucho.com\/wordpress\/coaching-mental-developpement-personnel-bordeaux\/#breadcrumb\"},\"inLanguage\":\"fr-FR\",\"potentialAction\":[{\"@type\":\"ReadAction\",\"target\":[\"https:\/\/camoucho.com\/wordpress\/coaching-mental-developpement-personnel-bordeaux\/\"]}]},{\"@type\":\"BreadcrumbList\",\"@id\":\"https:\/\/camoucho.com\/wordpress\/coaching-mental-developpement-personnel-bordeaux\/#breadcrumb\",\"itemListElement\":[{\"@type\":\"ListItem\",\"position\":1,\"name\":\"Accueil\",\"item\":\"https:\/\/camoucho.com\/wordpress\/\"},{\"@type\":\"ListItem\",\"position\":2,\"name\":\"Coaching d\u00e9veloppement personnel &#8211; Coaching mental\u00a0\"}]},{\"@type\":\"WebSite\",\"@id\":\"https:\/\/camoucho.com\/wordpress\/#website\",\"url\":\"https:\/\/camoucho.com\/wordpress\/\",\"name\":\"Camoucho\",\"description\":\"\",\"publisher\":{\"@id\":\"https:\/\/camoucho.com\/wordpress\/#organization\"},\"potentialAction\":[{\"@type\":\"SearchAction\",\"target\":{\"@type\":\"EntryPoint\",\"urlTemplate\":\"https:\/\/camoucho.com\/wordpress\/?s={search_term_string}\"},\"query-input\":{\"@type\":\"PropertyValueSpecification\",\"valueRequired\":true,\"valueName\":\"search_term_string\"}}],\"inLanguage\":\"fr-FR\"},{\"@type\":\"Organization\",\"@id\":\"https:\/\/camoucho.com\/wordpress\/#organization\",\"name\":\"Camoucho\",\"url\":\"https:\/\/camoucho.com\/wordpress\/\",\"logo\":{\"@type\":\"ImageObject\",\"inLanguage\":\"fr-FR\",\"@id\":\"https:\/\/camoucho.com\/wordpress\/#\/schema\/logo\/image\/\",\"url\":\"https:\/\/camoucho.com\/wordpress\/wp-content\/uploads\/2025\/09\/FABRICE_CAMOU_LOGO-removebg-preview.png\",\"contentUrl\":\"https:\/\/camoucho.com\/wordpress\/wp-content\/uploads\/2025\/09\/FABRICE_CAMOU_LOGO-removebg-preview.png\",\"width\":500,\"height\":500,\"caption\":\"Camoucho\"},\"image\":{\"@id\":\"https:\/\/camoucho.com\/wordpress\/#\/schema\/logo\/image\/\"}}]}<\/script>\n<!-- \/ Yoast SEO plugin. -->","yoast_head_json":{"title":"Coaching d\u00e9veloppement personnel - Coaching mental\u00a0 - Camoucho","description":"Avec Fabrice Camou, coach \u00e0 Bordeaux, d\u00e9veloppez votre potentiel et votre \u00e9quilibre gr\u00e2ce \u00e0 un coaching mental et un coaching d\u00e9veloppement personnel personnalis\u00e9. Retrouvez motivation, confiance et \u00e9nergie pour avancer sereinement.","robots":{"index":"index","follow":"follow","max-snippet":"max-snippet:-1","max-image-preview":"max-image-preview:large","max-video-preview":"max-video-preview:-1"},"canonical":"https:\/\/camoucho.com\/wordpress\/coaching-mental-developpement-personnel-bordeaux\/","og_locale":"fr_FR","og_type":"article","og_title":"Coaching d\u00e9veloppement personnel - Coaching mental\u00a0 - Camoucho","og_description":"Avec Fabrice Camou, coach \u00e0 Bordeaux, d\u00e9veloppez votre potentiel et votre \u00e9quilibre gr\u00e2ce \u00e0 un coaching mental et un coaching d\u00e9veloppement personnel personnalis\u00e9. Retrouvez motivation, confiance et \u00e9nergie pour avancer sereinement.","og_url":"https:\/\/camoucho.com\/wordpress\/coaching-mental-developpement-personnel-bordeaux\/","og_site_name":"Camoucho","article_modified_time":"2025-09-16T18:34:08+00:00","twitter_card":"summary_large_image","twitter_misc":{"Dur\u00e9e de lecture estim\u00e9e":"1 minute"},"schema":{"@context":"https:\/\/schema.org","@graph":[{"@type":"WebPage","@id":"https:\/\/camoucho.com\/wordpress\/coaching-mental-developpement-personnel-bordeaux\/","url":"https:\/\/camoucho.com\/wordpress\/coaching-mental-developpement-personnel-bordeaux\/","name":"Coaching d\u00e9veloppement personnel - Coaching mental\u00a0 - Camoucho","isPartOf":{"@id":"https:\/\/camoucho.com\/wordpress\/#website"},"datePublished":"2025-09-05T20:43:56+00:00","dateModified":"2025-09-16T18:34:08+00:00","description":"Avec Fabrice Camou, coach \u00e0 Bordeaux, d\u00e9veloppez votre potentiel et votre \u00e9quilibre gr\u00e2ce \u00e0 un coaching mental et un coaching d\u00e9veloppement personnel personnalis\u00e9. Retrouvez motivation, confiance et \u00e9nergie pour avancer sereinement.","breadcrumb":{"@id":"https:\/\/camoucho.com\/wordpress\/coaching-mental-developpement-personnel-bordeaux\/#breadcrumb"},"inLanguage":"fr-FR","potentialAction":[{"@type":"ReadAction","target":["https:\/\/camoucho.com\/wordpress\/coaching-mental-developpement-personnel-bordeaux\/"]}]},{"@type":"BreadcrumbList","@id":"https:\/\/camoucho.com\/wordpress\/coaching-mental-developpement-personnel-bordeaux\/#breadcrumb","itemListElement":[{"@type":"ListItem","position":1,"name":"Accueil","item":"https:\/\/camoucho.com\/wordpress\/"},{"@type":"ListItem","position":2,"name":"Coaching d\u00e9veloppement personnel &#8211; Coaching mental\u00a0"}]},{"@type":"WebSite","@id":"https:\/\/camoucho.com\/wordpress\/#website","url":"https:\/\/camoucho.com\/wordpress\/","name":"Camoucho","description":"","publisher":{"@id":"https:\/\/camoucho.com\/wordpress\/#organization"},"potentialAction":[{"@type":"SearchAction","target":{"@type":"EntryPoint","urlTemplate":"https:\/\/camoucho.com\/wordpress\/?s={search_term_string}"},"query-input":{"@type":"PropertyValueSpecification","valueRequired":true,"valueName":"search_term_string"}}],"inLanguage":"fr-FR"},{"@type":"Organization","@id":"https:\/\/camoucho.com\/wordpress\/#organization","name":"Camoucho","url":"https:\/\/camoucho.com\/wordpress\/","logo":{"@type":"ImageObject","inLanguage":"fr-FR","@id":"https:\/\/camoucho.com\/wordpress\/#\/schema\/logo\/image\/","url":"https:\/\/camoucho.com\/wordpress\/wp-content\/uploads\/2025\/09\/FABRICE_CAMOU_LOGO-removebg-preview.png","contentUrl":"https:\/\/camoucho.com\/wordpress\/wp-content\/uploads\/2025\/09\/FABRICE_CAMOU_LOGO-removebg-preview.png","width":500,"height":500,"caption":"Camoucho"},"image":{"@id":"https:\/\/camoucho.com\/wordpress\/#\/schema\/logo\/image\/"}}]}},"_links":{"self":[{"href":"https:\/\/camoucho.com\/wordpress\/wp-json\/wp\/v2\/pages\/31","targetHints":{"allow":["GET"]}}],"collection":[{"href":"https:\/\/camoucho.com\/wordpress\/wp-json\/wp\/v2\/pages"}],"about":[{"href":"https:\/\/camoucho.com\/wordpress\/wp-json\/wp\/v2\/types\/page"}],"author":[{"embeddable":true,"href":"https:\/\/camoucho.com\/wordpress\/wp-json\/wp\/v2\/users\/3"}],"replies":[{"embeddable":true,"href":"https:\/\/camoucho.com\/wordpress\/wp-json\/wp\/v2\/comments?post=31"}],"version-history":[{"count":16,"href":"https:\/\/camoucho.com\/wordpress\/wp-json\/wp\/v2\/pages\/31\/revisions"}],"predecessor-version":[{"id":639,"href":"https:\/\/camoucho.com\/wordpress\/wp-json\/wp\/v2\/pages\/31\/revisions\/639"}],"wp:attachment":[{"href":"https:\/\/camoucho.com\/wordpress\/wp-json\/wp\/v2\/media?parent=31"}],"wp:term":[{"taxonomy":"dipi_cpt_category","embeddable":true,"href":"https:\/\/camoucho.com\/wordpress\/wp-json\/wp\/v2\/dipi_cpt_category?post=31"}],"curies":[{"name":"wp","href":"https:\/\/api.w.org\/{rel}","templated":true}]}}