{"id":29,"date":"2025-09-05T11:56:16","date_gmt":"2025-09-05T09:56:16","guid":{"rendered":"https:\/\/camoucho.com\/wordpress\/?page_id=29"},"modified":"2025-09-14T21:28:53","modified_gmt":"2025-09-14T19:28:53","slug":"coach-nutrition","status":"publish","type":"page","link":"https:\/\/camoucho.com\/wordpress\/coach-nutrition\/","title":{"rendered":"Coaching Nutrition"},"content":{"rendered":"<p>[et_pb_section fb_built=\u00a0\u00bb1&Prime; _builder_version=\u00a0\u00bb4.23.3&Prime; _module_preset=\u00a0\u00bbdefault\u00a0\u00bb background_color=\u00a0\u00bbgcid-85923dc0-ab2b-4fe4-8494-3604e8126ba4&Prime; background_enable_mask_style=\u00a0\u00bbon\u00a0\u00bb background_mask_style=\u00a0\u00bbfloating-squares\u00a0\u00bb background_mask_transform=\u00a0\u00bbflip_horizontal|flip_vertical\u00a0\u00bb global_colors_info=\u00a0\u00bb{%22gcid-85923dc0-ab2b-4fe4-8494-3604e8126ba4%22:%91%22background_color%22%93}\u00a0\u00bb][et_pb_row column_structure=\u00a0\u00bb1_2,1_2&Prime; _builder_version=\u00a0\u00bb4.23.3&Prime; _module_preset=\u00a0\u00bbdefault\u00a0\u00bb global_colors_info=\u00a0\u00bb{}\u00a0\u00bb][et_pb_column type=\u00a0\u00bb1_2&Prime; _builder_version=\u00a0\u00bb4.23.3&Prime; _module_preset=\u00a0\u00bbdefault\u00a0\u00bb global_colors_info=\u00a0\u00bb{}\u00a0\u00bb][et_pb_text _builder_version=\u00a0\u00bb4.23.3&Prime; _module_preset=\u00a0\u00bbdefault\u00a0\u00bb global_colors_info=\u00a0\u00bb{}\u00a0\u00bb]<\/p>\n<p>En tant que <b>coach en nutrition \u00e0 Cr\u00e9on pr\u00e8s de Bordeaux<\/b>, je vous accompagne avec des plans alimentaires personnalis\u00e9s et faciles \u00e0 suivre pour transformer durablement votre quotidien.<\/p>\n<p><span>Je construis votre programme selon vos habitudes et vos go\u00fbts, pour des r\u00e9sultats sans culpabilit\u00e9 et sans frustrations.<\/span><\/p>\n<p>[\/et_pb_text][et_pb_text _builder_version=\u00a0\u00bb4.23.3&Prime; _module_preset=\u00a0\u00bbdefault\u00a0\u00bb global_colors_info=\u00a0\u00bb{}\u00a0\u00bb]<\/p>\n<p>Bien manger, ce n\u2019est pas se priver : c\u2019est trouver un \u00e9quilibre adapt\u00e9 \u00e0 son corps, son mode de vie et ses objectifs.<\/p>\n<p>[\/et_pb_text][et_pb_text _builder_version=\u00a0\u00bb4.23.3&Prime; _module_preset=\u00a0\u00bbdefault\u00a0\u00bb text_text_color=\u00a0\u00bbgcid-4b579e42-63c6-49ec-b5a5-4af2f935a948&Prime; text_font_size=\u00a0\u00bb22px\u00a0\u00bb global_colors_info=\u00a0\u00bb{%22gcid-4b579e42-63c6-49ec-b5a5-4af2f935a948%22:%91%22text_text_color%22%93}\u00a0\u00bb]<\/p>\n<p><em><b>Mes domaines d\u2019accompagnement nutritionnel<\/b><\/em><\/p>\n<p>[\/et_pb_text][et_pb_text _builder_version=\u00a0\u00bb4.23.3&Prime; _module_preset=\u00a0\u00bbdefault\u00a0\u00bb global_colors_info=\u00a0\u00bb{}\u00a0\u00bb]<\/p>\n<ul>\n<li><b>Perte de poids durable<\/b> sans effet yo-yo<\/li>\n<li><b>Prise de masse musculaire<\/b> et am\u00e9lioration de la composition corporelle<\/li>\n<li><b>\u00c9quilibre alimentaire<\/b> et meilleure hygi\u00e8ne de vie<\/li>\n<li><b>Optimisation des performances sportives<\/b> (force, endurance, r\u00e9cup\u00e9ration)<\/li>\n<li><b>Gestion des comportements alimentaires<\/b> : stress, compulsions, envies sucr\u00e9es<\/li>\n<\/ul>\n<p>[\/et_pb_text][\/et_pb_column][et_pb_column type=\u00a0\u00bb1_2&Prime; _builder_version=\u00a0\u00bb4.23.3&Prime; _module_preset=\u00a0\u00bbdefault\u00a0\u00bb global_colors_info=\u00a0\u00bb{}\u00a0\u00bb][et_pb_text _builder_version=\u00a0\u00bb4.23.3&Prime; _module_preset=\u00a0\u00bbdefault\u00a0\u00bb global_colors_info=\u00a0\u00bb{}\u00a0\u00bb]<\/p>\n<p>Pour plus d&rsquo;informations, regardez la vid\u00e9o :<\/p>\n<p>[\/et_pb_text][et_pb_video src=\u00a0\u00bbhttps:\/\/camoucho.com\/wordpress\/wp-content\/uploads\/2025\/09\/Video-N2.mp4&Prime; image_src=\u00a0\u00bbhttps:\/\/camoucho.com\/wordpress\/wp-content\/uploads\/2025\/09\/Capture-decran-2025-09-06-a-12.48.53.png\u00a0\u00bb _builder_version=\u00a0\u00bb4.23.3&Prime; _module_preset=\u00a0\u00bbdefault\u00a0\u00bb global_colors_info=\u00a0\u00bb{}\u00a0\u00bb][\/et_pb_video][\/et_pb_column][\/et_pb_row][et_pb_row _builder_version=\u00a0\u00bb4.23.3&Prime; _module_preset=\u00a0\u00bbdefault\u00a0\u00bb global_colors_info=\u00a0\u00bb{}\u00a0\u00bb][et_pb_column type=\u00a0\u00bb4_4&Prime; _builder_version=\u00a0\u00bb4.23.3&Prime; _module_preset=\u00a0\u00bbdefault\u00a0\u00bb global_colors_info=\u00a0\u00bb{}\u00a0\u00bb][et_pb_text _builder_version=\u00a0\u00bb4.23.3&Prime; _module_preset=\u00a0\u00bbdefault\u00a0\u00bb text_text_color=\u00a0\u00bbgcid-4b579e42-63c6-49ec-b5a5-4af2f935a948&Prime; text_font_size=\u00a0\u00bb22px\u00a0\u00bb global_colors_info=\u00a0\u00bb{%22gcid-4b579e42-63c6-49ec-b5a5-4af2f935a948%22:%91%22text_text_color%22%93}\u00a0\u00bb]<\/p>\n<p><b>Une approche globale et personnalis\u00e9e<\/b><\/p>\n<p>[\/et_pb_text][et_pb_text _builder_version=\u00a0\u00bb4.23.3&Prime; _module_preset=\u00a0\u00bbdefault\u00a0\u00bb global_colors_info=\u00a0\u00bb{}\u00a0\u00bb]<\/p>\n<p>Mon travail ne se limite pas \u00e0 donner des menus : je prends en compte vos habitudes, votre rythme de vie, vos go\u00fbts et votre dimension psychologique. Ensemble, on construit une alimentation qui vous ressemble et que vous pouvez tenir sur la dur\u00e9e.<\/p>\n<p>[\/et_pb_text][et_pb_text _builder_version=\u00a0\u00bb4.23.3&Prime; _module_preset=\u00a0\u00bbdefault\u00a0\u00bb hover_enabled=\u00a0\u00bb0&Prime; global_colors_info=\u00a0\u00bb{}\u00a0\u00bb sticky_enabled=\u00a0\u00bb0&Prime;]<\/p>\n<p><b>Contactez moi pour r\u00e9server votre accompagnement nutritionnel \u00e0 Cr\u00e9on ou dans la r\u00e9gion Bordelaise, en visio et en ligne<\/b>\u00a0et transformez votre rapport \u00e0 l\u2019alimentation d\u00e8s aujourd\u2019hui.<\/p>\n<p>[\/et_pb_text][et_pb_button button_url=\u00a0\u00bbhttps:\/\/camoucho.com\/wordpress\/contact\/\u00a0\u00bb url_new_window=\u00a0\u00bbon\u00a0\u00bb button_text=\u00a0\u00bbCONTACT\u00a0\u00bb button_alignment=\u00a0\u00bbcenter\u00a0\u00bb _builder_version=\u00a0\u00bb4.23.3&Prime; _module_preset=\u00a0\u00bbdefault\u00a0\u00bb custom_button=\u00a0\u00bbon\u00a0\u00bb button_text_color=\u00a0\u00bb#FFFFFF\u00a0\u00bb button_bg_color=\u00a0\u00bbgcid-4b579e42-63c6-49ec-b5a5-4af2f935a948&Prime; global_colors_info=\u00a0\u00bb{%22gcid-4b579e42-63c6-49ec-b5a5-4af2f935a948%22:%91%22button_bg_color%22%93}\u00a0\u00bb][\/et_pb_button][\/et_pb_column][\/et_pb_row][\/et_pb_section][et_pb_section fb_built=\u00a0\u00bb1&Prime; _builder_version=\u00a0\u00bb4.23.3&Prime; _module_preset=\u00a0\u00bbdefault\u00a0\u00bb background_color=\u00a0\u00bbgcid-685bc947-8422-49c2-8218-9288d2ad3cb4&Prime; global_colors_info=\u00a0\u00bb{%22gcid-685bc947-8422-49c2-8218-9288d2ad3cb4%22:%91%22background_color%22%93}\u00a0\u00bb][et_pb_row column_structure=\u00a0\u00bb1_3,1_3,1_3&Prime; _builder_version=\u00a0\u00bb4.23.3&Prime; _module_preset=\u00a0\u00bbdefault\u00a0\u00bb global_colors_info=\u00a0\u00bb{}\u00a0\u00bb][et_pb_column type=\u00a0\u00bb1_3&Prime; _builder_version=\u00a0\u00bb4.23.3&Prime; _module_preset=\u00a0\u00bbdefault\u00a0\u00bb global_colors_info=\u00a0\u00bb{}\u00a0\u00bb][\/et_pb_column][et_pb_column type=\u00a0\u00bb1_3&Prime; _builder_version=\u00a0\u00bb4.23.3&Prime; _module_preset=\u00a0\u00bbdefault\u00a0\u00bb global_colors_info=\u00a0\u00bb{}\u00a0\u00bb][et_pb_image src=\u00a0\u00bbhttps:\/\/camoucho.com\/wordpress\/wp-content\/uploads\/2025\/09\/cropped-FABRICE-CAMOU-LOGO.png\u00a0\u00bb alt=\u00a0\u00bbCoach nutrition Bordeaux\u00a0\u00bb title_text=\u00a0\u00bbCoach nutrition Bordeaux\u00a0\u00bb align=\u00a0\u00bbcenter\u00a0\u00bb _builder_version=\u00a0\u00bb4.23.3&Prime; _module_preset=\u00a0\u00bbdefault\u00a0\u00bb background_color=\u00a0\u00bb#FFFFFF\u00a0\u00bb border_radii=\u00a0\u00bbon|20px|20px|20px|20px\u00a0\u00bb global_colors_info=\u00a0\u00bb{}\u00a0\u00bb][\/et_pb_image][\/et_pb_column][et_pb_column type=\u00a0\u00bb1_3&Prime; _builder_version=\u00a0\u00bb4.23.3&Prime; _module_preset=\u00a0\u00bbdefault\u00a0\u00bb global_colors_info=\u00a0\u00bb{}\u00a0\u00bb][\/et_pb_column][\/et_pb_row][\/et_pb_section]<\/p>\n","protected":false},"excerpt":{"rendered":"<p>En tant que coach en nutrition \u00e0 Cr\u00e9on pr\u00e8s de Bordeaux, je vous accompagne avec des plans alimentaires personnalis\u00e9s et faciles \u00e0 suivre pour transformer durablement votre quotidien. Je construis votre programme selon vos habitudes et vos go\u00fbts, pour des r\u00e9sultats sans culpabilit\u00e9 et sans frustrations.Bien manger, ce n\u2019est pas se priver : c\u2019est trouver [&hellip;]<\/p>\n","protected":false},"author":3,"featured_media":0,"parent":0,"menu_order":0,"comment_status":"closed","ping_status":"closed","template":"","meta":{"_et_pb_use_builder":"on","_et_pb_old_content":"<!-- wp:divi\/placeholder \/-->","_et_gb_content_width":"","footnotes":""},"dipi_cpt_category":[],"class_list":["post-29","page","type-page","status-publish","hentry"],"yoast_head":"<!-- This site is optimized with the Yoast SEO plugin v25.9 - https:\/\/yoast.com\/wordpress\/plugins\/seo\/ -->\n<title>Coaching Nutrition- Camoucho<\/title>\n<meta name=\"description\" content=\"Avec Fabrice Camou, coach sportif, coach nutrition et d\u00e9veloppement personnel et mental \u00e0 Bordeaux, adoptez une alimentation personnalis\u00e9e pour perdre du poids, prendre du muscle ou am\u00e9liorer votre sant\u00e9. Plans simples, durables et adapt\u00e9s \u00e0 votre style de vie.\" \/>\n<meta name=\"robots\" content=\"index, follow, max-snippet:-1, max-image-preview:large, max-video-preview:-1\" \/>\n<link rel=\"canonical\" href=\"https:\/\/camoucho.com\/wordpress\/coach-nutrition\/\" \/>\n<meta property=\"og:locale\" content=\"fr_FR\" \/>\n<meta property=\"og:type\" content=\"article\" \/>\n<meta property=\"og:title\" content=\"Coaching Nutrition- Camoucho\" \/>\n<meta property=\"og:description\" content=\"Avec Fabrice Camou, coach sportif, coach nutrition et d\u00e9veloppement personnel et mental \u00e0 Bordeaux, adoptez une alimentation personnalis\u00e9e pour perdre du poids, prendre du muscle ou am\u00e9liorer votre sant\u00e9. Plans simples, durables et adapt\u00e9s \u00e0 votre style de vie.\" \/>\n<meta property=\"og:url\" content=\"https:\/\/camoucho.com\/wordpress\/coach-nutrition\/\" \/>\n<meta property=\"og:site_name\" content=\"Camoucho\" \/>\n<meta property=\"article:modified_time\" content=\"2025-09-14T19:28:53+00:00\" \/>\n<meta name=\"twitter:card\" content=\"summary_large_image\" \/>\n<meta name=\"twitter:label1\" content=\"Dur\u00e9e de lecture estim\u00e9e\" \/>\n\t<meta name=\"twitter:data1\" content=\"1 minute\" \/>\n<script type=\"application\/ld+json\" class=\"yoast-schema-graph\">{\"@context\":\"https:\/\/schema.org\",\"@graph\":[{\"@type\":\"WebPage\",\"@id\":\"https:\/\/camoucho.com\/wordpress\/coach-nutrition\/\",\"url\":\"https:\/\/camoucho.com\/wordpress\/coach-nutrition\/\",\"name\":\"Coaching Nutrition- Camoucho\",\"isPartOf\":{\"@id\":\"https:\/\/camoucho.com\/wordpress\/#website\"},\"datePublished\":\"2025-09-05T09:56:16+00:00\",\"dateModified\":\"2025-09-14T19:28:53+00:00\",\"description\":\"Avec Fabrice Camou, coach sportif, coach nutrition et d\u00e9veloppement personnel et mental \u00e0 Bordeaux, adoptez une alimentation personnalis\u00e9e pour perdre du poids, prendre du muscle ou am\u00e9liorer votre sant\u00e9. Plans simples, durables et adapt\u00e9s \u00e0 votre style de vie.\",\"breadcrumb\":{\"@id\":\"https:\/\/camoucho.com\/wordpress\/coach-nutrition\/#breadcrumb\"},\"inLanguage\":\"fr-FR\",\"potentialAction\":[{\"@type\":\"ReadAction\",\"target\":[\"https:\/\/camoucho.com\/wordpress\/coach-nutrition\/\"]}]},{\"@type\":\"BreadcrumbList\",\"@id\":\"https:\/\/camoucho.com\/wordpress\/coach-nutrition\/#breadcrumb\",\"itemListElement\":[{\"@type\":\"ListItem\",\"position\":1,\"name\":\"Accueil\",\"item\":\"https:\/\/camoucho.com\/wordpress\/\"},{\"@type\":\"ListItem\",\"position\":2,\"name\":\"Coaching Nutrition\"}]},{\"@type\":\"WebSite\",\"@id\":\"https:\/\/camoucho.com\/wordpress\/#website\",\"url\":\"https:\/\/camoucho.com\/wordpress\/\",\"name\":\"Camoucho\",\"description\":\"\",\"publisher\":{\"@id\":\"https:\/\/camoucho.com\/wordpress\/#organization\"},\"potentialAction\":[{\"@type\":\"SearchAction\",\"target\":{\"@type\":\"EntryPoint\",\"urlTemplate\":\"https:\/\/camoucho.com\/wordpress\/?s={search_term_string}\"},\"query-input\":{\"@type\":\"PropertyValueSpecification\",\"valueRequired\":true,\"valueName\":\"search_term_string\"}}],\"inLanguage\":\"fr-FR\"},{\"@type\":\"Organization\",\"@id\":\"https:\/\/camoucho.com\/wordpress\/#organization\",\"name\":\"Camoucho\",\"url\":\"https:\/\/camoucho.com\/wordpress\/\",\"logo\":{\"@type\":\"ImageObject\",\"inLanguage\":\"fr-FR\",\"@id\":\"https:\/\/camoucho.com\/wordpress\/#\/schema\/logo\/image\/\",\"url\":\"https:\/\/camoucho.com\/wordpress\/wp-content\/uploads\/2025\/09\/FABRICE_CAMOU_LOGO-removebg-preview.png\",\"contentUrl\":\"https:\/\/camoucho.com\/wordpress\/wp-content\/uploads\/2025\/09\/FABRICE_CAMOU_LOGO-removebg-preview.png\",\"width\":500,\"height\":500,\"caption\":\"Camoucho\"},\"image\":{\"@id\":\"https:\/\/camoucho.com\/wordpress\/#\/schema\/logo\/image\/\"}}]}<\/script>\n<!-- \/ Yoast SEO plugin. -->","yoast_head_json":{"title":"Coaching Nutrition- Camoucho","description":"Avec Fabrice Camou, coach sportif, coach nutrition et d\u00e9veloppement personnel et mental \u00e0 Bordeaux, adoptez une alimentation personnalis\u00e9e pour perdre du poids, prendre du muscle ou am\u00e9liorer votre sant\u00e9. Plans simples, durables et adapt\u00e9s \u00e0 votre style de vie.","robots":{"index":"index","follow":"follow","max-snippet":"max-snippet:-1","max-image-preview":"max-image-preview:large","max-video-preview":"max-video-preview:-1"},"canonical":"https:\/\/camoucho.com\/wordpress\/coach-nutrition\/","og_locale":"fr_FR","og_type":"article","og_title":"Coaching Nutrition- Camoucho","og_description":"Avec Fabrice Camou, coach sportif, coach nutrition et d\u00e9veloppement personnel et mental \u00e0 Bordeaux, adoptez une alimentation personnalis\u00e9e pour perdre du poids, prendre du muscle ou am\u00e9liorer votre sant\u00e9. Plans simples, durables et adapt\u00e9s \u00e0 votre style de vie.","og_url":"https:\/\/camoucho.com\/wordpress\/coach-nutrition\/","og_site_name":"Camoucho","article_modified_time":"2025-09-14T19:28:53+00:00","twitter_card":"summary_large_image","twitter_misc":{"Dur\u00e9e de lecture estim\u00e9e":"1 minute"},"schema":{"@context":"https:\/\/schema.org","@graph":[{"@type":"WebPage","@id":"https:\/\/camoucho.com\/wordpress\/coach-nutrition\/","url":"https:\/\/camoucho.com\/wordpress\/coach-nutrition\/","name":"Coaching Nutrition- Camoucho","isPartOf":{"@id":"https:\/\/camoucho.com\/wordpress\/#website"},"datePublished":"2025-09-05T09:56:16+00:00","dateModified":"2025-09-14T19:28:53+00:00","description":"Avec Fabrice Camou, coach sportif, coach nutrition et d\u00e9veloppement personnel et mental \u00e0 Bordeaux, adoptez une alimentation personnalis\u00e9e pour perdre du poids, prendre du muscle ou am\u00e9liorer votre sant\u00e9. Plans simples, durables et adapt\u00e9s \u00e0 votre style de vie.","breadcrumb":{"@id":"https:\/\/camoucho.com\/wordpress\/coach-nutrition\/#breadcrumb"},"inLanguage":"fr-FR","potentialAction":[{"@type":"ReadAction","target":["https:\/\/camoucho.com\/wordpress\/coach-nutrition\/"]}]},{"@type":"BreadcrumbList","@id":"https:\/\/camoucho.com\/wordpress\/coach-nutrition\/#breadcrumb","itemListElement":[{"@type":"ListItem","position":1,"name":"Accueil","item":"https:\/\/camoucho.com\/wordpress\/"},{"@type":"ListItem","position":2,"name":"Coaching Nutrition"}]},{"@type":"WebSite","@id":"https:\/\/camoucho.com\/wordpress\/#website","url":"https:\/\/camoucho.com\/wordpress\/","name":"Camoucho","description":"","publisher":{"@id":"https:\/\/camoucho.com\/wordpress\/#organization"},"potentialAction":[{"@type":"SearchAction","target":{"@type":"EntryPoint","urlTemplate":"https:\/\/camoucho.com\/wordpress\/?s={search_term_string}"},"query-input":{"@type":"PropertyValueSpecification","valueRequired":true,"valueName":"search_term_string"}}],"inLanguage":"fr-FR"},{"@type":"Organization","@id":"https:\/\/camoucho.com\/wordpress\/#organization","name":"Camoucho","url":"https:\/\/camoucho.com\/wordpress\/","logo":{"@type":"ImageObject","inLanguage":"fr-FR","@id":"https:\/\/camoucho.com\/wordpress\/#\/schema\/logo\/image\/","url":"https:\/\/camoucho.com\/wordpress\/wp-content\/uploads\/2025\/09\/FABRICE_CAMOU_LOGO-removebg-preview.png","contentUrl":"https:\/\/camoucho.com\/wordpress\/wp-content\/uploads\/2025\/09\/FABRICE_CAMOU_LOGO-removebg-preview.png","width":500,"height":500,"caption":"Camoucho"},"image":{"@id":"https:\/\/camoucho.com\/wordpress\/#\/schema\/logo\/image\/"}}]}},"_links":{"self":[{"href":"https:\/\/camoucho.com\/wordpress\/wp-json\/wp\/v2\/pages\/29","targetHints":{"allow":["GET"]}}],"collection":[{"href":"https:\/\/camoucho.com\/wordpress\/wp-json\/wp\/v2\/pages"}],"about":[{"href":"https:\/\/camoucho.com\/wordpress\/wp-json\/wp\/v2\/types\/page"}],"author":[{"embeddable":true,"href":"https:\/\/camoucho.com\/wordpress\/wp-json\/wp\/v2\/users\/3"}],"replies":[{"embeddable":true,"href":"https:\/\/camoucho.com\/wordpress\/wp-json\/wp\/v2\/comments?post=29"}],"version-history":[{"count":17,"href":"https:\/\/camoucho.com\/wordpress\/wp-json\/wp\/v2\/pages\/29\/revisions"}],"predecessor-version":[{"id":620,"href":"https:\/\/camoucho.com\/wordpress\/wp-json\/wp\/v2\/pages\/29\/revisions\/620"}],"wp:attachment":[{"href":"https:\/\/camoucho.com\/wordpress\/wp-json\/wp\/v2\/media?parent=29"}],"wp:term":[{"taxonomy":"dipi_cpt_category","embeddable":true,"href":"https:\/\/camoucho.com\/wordpress\/wp-json\/wp\/v2\/dipi_cpt_category?post=29"}],"curies":[{"name":"wp","href":"https:\/\/api.w.org\/{rel}","templated":true}]}}