{"id":27,"date":"2025-09-05T11:55:47","date_gmt":"2025-09-05T09:55:47","guid":{"rendered":"https:\/\/camoucho.com\/wordpress\/?page_id=27"},"modified":"2025-09-14T21:26:33","modified_gmt":"2025-09-14T19:26:33","slug":"coach-sportif","status":"publish","type":"page","link":"https:\/\/camoucho.com\/wordpress\/coach-sportif\/","title":{"rendered":"Coaching Sportif"},"content":{"rendered":"<p>[et_pb_section fb_built=\u00a0\u00bb1&Prime; _builder_version=\u00a0\u00bb4.23.3&Prime; _module_preset=\u00a0\u00bbdefault\u00a0\u00bb background_color=\u00a0\u00bbgcid-85923dc0-ab2b-4fe4-8494-3604e8126ba4&Prime; background_enable_mask_style=\u00a0\u00bbon\u00a0\u00bb background_mask_style=\u00a0\u00bbfloating-squares\u00a0\u00bb background_mask_transform=\u00a0\u00bbflip_horizontal|flip_vertical\u00a0\u00bb global_colors_info=\u00a0\u00bb{%22gcid-85923dc0-ab2b-4fe4-8494-3604e8126ba4%22:%91%22background_color%22%93}\u00a0\u00bb][et_pb_row column_structure=\u00a0\u00bb1_2,1_2&Prime; _builder_version=\u00a0\u00bb4.23.3&Prime; _module_preset=\u00a0\u00bbdefault\u00a0\u00bb global_colors_info=\u00a0\u00bb{}\u00a0\u00bb][et_pb_column type=\u00a0\u00bb1_2&Prime; _builder_version=\u00a0\u00bb4.23.3&Prime; _module_preset=\u00a0\u00bbdefault\u00a0\u00bb global_colors_info=\u00a0\u00bb{}\u00a0\u00bb][et_pb_text _builder_version=\u00a0\u00bb4.23.3&Prime; _module_preset=\u00a0\u00bbdefault\u00a0\u00bb global_colors_info=\u00a0\u00bb{}\u00a0\u00bb]<\/p>\n<p>Vous cherchez un <b>coach unique en coaching sportif, nutrition, d\u00e9veloppement personnel et mental, \u00e0 domicile, en ligne, en pr\u00e9sentiel \u00e0 votre domicile ou au mien, sur la r\u00e9gion Bordelaise <\/b>pour retrouver la forme, perdre du poids ou am\u00e9liorer vos performances ?<br \/>Je vous accompagne avec un programme sur-mesure, adapt\u00e9 \u00e0 vos objectifs, votre niveau et votre rythme de vie.<\/p>\n<p>[\/et_pb_text][et_pb_text _builder_version=\u00a0\u00bb4.23.3&Prime; _module_preset=\u00a0\u00bbdefault\u00a0\u00bb text_text_color=\u00a0\u00bbgcid-4b579e42-63c6-49ec-b5a5-4af2f935a948&Prime; text_font_size=\u00a0\u00bb22px\u00a0\u00bb global_colors_info=\u00a0\u00bb{%22gcid-4b579e42-63c6-49ec-b5a5-4af2f935a948%22:%91%22text_text_color%22%93}\u00a0\u00bb]<\/p>\n<p><em><b>Pourquoi choisir un coach sportif personnel ?<\/b><\/em><\/p>\n<p>[\/et_pb_text][et_pb_text _builder_version=\u00a0\u00bb4.23.3&Prime; _module_preset=\u00a0\u00bbdefault\u00a0\u00bb global_colors_info=\u00a0\u00bb{}\u00a0\u00bb]<\/p>\n<p>Un suivi individuel, c\u2019est l\u2019assurance de progresser plus vite et plus efficacement qu\u2019en \u00e9tant seul. Avec moi, vous b\u00e9n\u00e9ficiez :<\/p>\n<ul>\n<li>D\u2019exercices adapt\u00e9s \u00e0 vos besoins (remise en forme, perte de poids, musculation, pr\u00e9paration physique\u2026)<\/li>\n<li>D\u2019une m\u00e9thode progressive et motivante<\/li>\n<li>D\u2019un encadrement professionnel pour \u00e9viter les blessures et optimiser vos r\u00e9sultats<\/li>\n<\/ul>\n<p>[\/et_pb_text][et_pb_text _builder_version=\u00a0\u00bb4.23.3&Prime; _module_preset=\u00a0\u00bbdefault\u00a0\u00bb text_text_color=\u00a0\u00bbgcid-4b579e42-63c6-49ec-b5a5-4af2f935a948&Prime; text_font_size=\u00a0\u00bb22px\u00a0\u00bb global_colors_info=\u00a0\u00bb{%22gcid-4b579e42-63c6-49ec-b5a5-4af2f935a948%22:%91%22text_text_color%22%93}\u00a0\u00bb]<\/p>\n<p><em><b>O\u00f9 et comment se d\u00e9roulent les s\u00e9ances ?<\/b><\/em><\/p>\n<p>[\/et_pb_text][et_pb_text _builder_version=\u00a0\u00bb4.23.3&Prime; _module_preset=\u00a0\u00bbdefault\u00a0\u00bb global_colors_info=\u00a0\u00bb{}\u00a0\u00bb]<\/p>\n<ul>\n<li><b>\u00c0 domicile<\/b> : votre coach sportif se d\u00e9place dans la r\u00e9gion bordelaise, autour de Cr\u00e9on<\/li>\n<li><b>En ligne<\/b> : en visio ou via mon appli <b>Camoucho.com<\/b>, que j\u2019ai sp\u00e9cialement con\u00e7ue pour un suivi sportif \u00e0 distance<\/li>\n<li>En pr\u00e9sentiel : \u00e0 votre domicile ou au mien<\/li>\n<\/ul>\n<p>[\/et_pb_text][et_pb_text _builder_version=\u00a0\u00bb4.23.3&Prime; _module_preset=\u00a0\u00bbdefault\u00a0\u00bb text_text_color=\u00a0\u00bbgcid-685bc947-8422-49c2-8218-9288d2ad3cb4&Prime; text_font_size=\u00a0\u00bb22px\u00a0\u00bb hover_enabled=\u00a0\u00bb0&Prime; global_colors_info=\u00a0\u00bb{%22gcid-685bc947-8422-49c2-8218-9288d2ad3cb4%22:%91%22text_text_color%22%93}\u00a0\u00bb sticky_enabled=\u00a0\u00bb0&Prime;]<\/p>\n<p><em><strong>D\u00c9COUVRE MON HOME GYM POUR DES S\u00c9ANCES A MON DOMICILE !<\/strong><\/em><\/p>\n<p>[\/et_pb_text][et_pb_video src=\u00a0\u00bbhttps:\/\/camoucho.com\/wordpress\/wp-content\/uploads\/2025\/09\/WhatsApp-Video-2025-09-14-at-12.51.35.mp4&Prime; image_src=\u00a0\u00bbhttps:\/\/camoucho.com\/wordpress\/wp-content\/uploads\/2025\/09\/Capture-decran-2025-09-14-a-16.57.04.png\u00a0\u00bb _builder_version=\u00a0\u00bb4.23.3&Prime; _module_preset=\u00a0\u00bbdefault\u00a0\u00bb global_colors_info=\u00a0\u00bb{}\u00a0\u00bb][\/et_pb_video][\/et_pb_column][et_pb_column type=\u00a0\u00bb1_2&Prime; _builder_version=\u00a0\u00bb4.23.3&Prime; _module_preset=\u00a0\u00bbdefault\u00a0\u00bb global_colors_info=\u00a0\u00bb{}\u00a0\u00bb][et_pb_text _builder_version=\u00a0\u00bb4.23.3&Prime; _module_preset=\u00a0\u00bbdefault\u00a0\u00bb global_colors_info=\u00a0\u00bb{}\u00a0\u00bb]<\/p>\n<p>Pour plus d&rsquo;informations, regardez la vid\u00e9o :<\/p>\n<p>[\/et_pb_text][et_pb_video src=\u00a0\u00bbhttps:\/\/camoucho.com\/wordpress\/wp-content\/uploads\/2025\/09\/Video-1.mp4&Prime; image_src=\u00a0\u00bbhttps:\/\/camoucho.com\/wordpress\/wp-content\/uploads\/2025\/09\/Capture-decran-2025-09-06-a-12.48.26.png\u00a0\u00bb _builder_version=\u00a0\u00bb4.23.3&Prime; _module_preset=\u00a0\u00bbdefault\u00a0\u00bb global_colors_info=\u00a0\u00bb{}\u00a0\u00bb][\/et_pb_video][et_pb_text _builder_version=\u00a0\u00bb4.23.3&Prime; _module_preset=\u00a0\u00bbdefault\u00a0\u00bb text_text_color=\u00a0\u00bbgcid-4b579e42-63c6-49ec-b5a5-4af2f935a948&Prime; text_font_size=\u00a0\u00bb22px\u00a0\u00bb global_colors_info=\u00a0\u00bb{%22gcid-4b579e42-63c6-49ec-b5a5-4af2f935a948%22:%91%22text_text_color%22%93}\u00a0\u00bb]<\/p>\n<p><em><b>Coaching sportif accessible \u00e0 tous<\/b><\/em><\/p>\n<p>[\/et_pb_text][et_pb_text _builder_version=\u00a0\u00bb4.23.3&Prime; _module_preset=\u00a0\u00bbdefault\u00a0\u00bb global_colors_info=\u00a0\u00bb{}\u00a0\u00bb]<\/p>\n<p>Que vous soyez d\u00e9butant, confirm\u00e9, en reprise apr\u00e8s une pause ou avec un objectif pr\u00e9cis (perte de poids, tonification, pr\u00e9paration \u00e0 une comp\u00e9tition), mon coaching s\u2019adapte \u00e0 vous.<\/p>\n<p>[\/et_pb_text][et_pb_text _builder_version=\u00a0\u00bb4.23.3&Prime; _module_preset=\u00a0\u00bbdefault\u00a0\u00bb global_colors_info=\u00a0\u00bb{}\u00a0\u00bb]<\/p>\n<p style=\"text-align: center;\"><b>Contactez-moi d\u00e8s maintenant pour votre s\u00e9ance de coaching sportif dans la r\u00e9gion Bordelaise ou sur mon application<\/b> et commencez votre m\u00e9tamorphose avec un accompagnement sur-mesure.<\/p>\n<p>[\/et_pb_text][et_pb_button button_url=\u00a0\u00bbhttps:\/\/camoucho.com\/wordpress\/contact\/\u00a0\u00bb url_new_window=\u00a0\u00bbon\u00a0\u00bb button_text=\u00a0\u00bbCONTACT\u00a0\u00bb button_alignment=\u00a0\u00bbcenter\u00a0\u00bb _builder_version=\u00a0\u00bb4.23.3&Prime; _module_preset=\u00a0\u00bbdefault\u00a0\u00bb custom_button=\u00a0\u00bbon\u00a0\u00bb button_text_color=\u00a0\u00bb#FFFFFF\u00a0\u00bb button_bg_color=\u00a0\u00bbgcid-4b579e42-63c6-49ec-b5a5-4af2f935a948&Prime; global_colors_info=\u00a0\u00bb{%22gcid-4b579e42-63c6-49ec-b5a5-4af2f935a948%22:%91%22button_bg_color%22%93}\u00a0\u00bb][\/et_pb_button][\/et_pb_column][\/et_pb_row][\/et_pb_section][et_pb_section fb_built=\u00a0\u00bb1&Prime; _builder_version=\u00a0\u00bb4.23.3&Prime; _module_preset=\u00a0\u00bbdefault\u00a0\u00bb background_color=\u00a0\u00bbgcid-685bc947-8422-49c2-8218-9288d2ad3cb4&Prime; global_colors_info=\u00a0\u00bb{%22gcid-685bc947-8422-49c2-8218-9288d2ad3cb4%22:%91%22background_color%22%93}\u00a0\u00bb][et_pb_row column_structure=\u00a0\u00bb1_3,1_3,1_3&Prime; _builder_version=\u00a0\u00bb4.23.3&Prime; _module_preset=\u00a0\u00bbdefault\u00a0\u00bb global_colors_info=\u00a0\u00bb{}\u00a0\u00bb][et_pb_column type=\u00a0\u00bb1_3&Prime; _builder_version=\u00a0\u00bb4.23.3&Prime; _module_preset=\u00a0\u00bbdefault\u00a0\u00bb global_colors_info=\u00a0\u00bb{}\u00a0\u00bb][\/et_pb_column][et_pb_column type=\u00a0\u00bb1_3&Prime; _builder_version=\u00a0\u00bb4.23.3&Prime; _module_preset=\u00a0\u00bbdefault\u00a0\u00bb global_colors_info=\u00a0\u00bb{}\u00a0\u00bb][et_pb_image src=\u00a0\u00bbhttps:\/\/camoucho.com\/wordpress\/wp-content\/uploads\/2025\/09\/FABRICE-CAMOU-LOGO.png\u00a0\u00bb alt=\u00a0\u00bbcoach sportif r\u00e9gion bordelaise\u00a0\u00bb title_text=\u00a0\u00bbFABRICE CAMOU LOGO\u00a0\u00bb align=\u00a0\u00bbcenter\u00a0\u00bb _builder_version=\u00a0\u00bb4.23.3&Prime; _module_preset=\u00a0\u00bbdefault\u00a0\u00bb background_color=\u00a0\u00bb#FFFFFF\u00a0\u00bb border_radii=\u00a0\u00bbon|20px|20px|20px|20px\u00a0\u00bb global_colors_info=\u00a0\u00bb{}\u00a0\u00bb][\/et_pb_image][\/et_pb_column][et_pb_column type=\u00a0\u00bb1_3&Prime; _builder_version=\u00a0\u00bb4.23.3&Prime; _module_preset=\u00a0\u00bbdefault\u00a0\u00bb global_colors_info=\u00a0\u00bb{}\u00a0\u00bb][\/et_pb_column][\/et_pb_row][\/et_pb_section]<\/p>\n","protected":false},"excerpt":{"rendered":"<p>Vous cherchez un coach unique en coaching sportif, nutrition, d\u00e9veloppement personnel et mental, \u00e0 domicile, en ligne, en pr\u00e9sentiel \u00e0 votre domicile ou au mien, sur la r\u00e9gion Bordelaise pour retrouver la forme, perdre du poids ou am\u00e9liorer vos performances ?Je vous accompagne avec un programme sur-mesure, adapt\u00e9 \u00e0 vos objectifs, votre niveau et votre [&hellip;]<\/p>\n","protected":false},"author":3,"featured_media":0,"parent":0,"menu_order":0,"comment_status":"closed","ping_status":"closed","template":"","meta":{"_et_pb_use_builder":"on","_et_pb_old_content":"<!-- wp:divi\/placeholder \/-->","_et_gb_content_width":"","footnotes":""},"dipi_cpt_category":[],"class_list":["post-27","page","type-page","status-publish","hentry"],"yoast_head":"<!-- This site is optimized with the Yoast SEO plugin v25.9 - https:\/\/yoast.com\/wordpress\/plugins\/seo\/ -->\n<title>Coaching Sportif - Camoucho<\/title>\n<meta name=\"description\" content=\"Avec Fabrice Camou, coach sportif en r\u00e9gion Bordelaise, b\u00e9n\u00e9ficiez d\u2019un programme sur-mesure \u00e0 domicile, en salle ou en ligne pour perdre du poids, tonifier votre corps et am\u00e9liorer vos performances.\" \/>\n<meta name=\"robots\" content=\"index, follow, max-snippet:-1, max-image-preview:large, max-video-preview:-1\" \/>\n<link rel=\"canonical\" href=\"https:\/\/camoucho.com\/wordpress\/coach-sportif\/\" \/>\n<meta property=\"og:locale\" content=\"fr_FR\" \/>\n<meta property=\"og:type\" content=\"article\" \/>\n<meta property=\"og:title\" content=\"Coaching Sportif - Camoucho\" \/>\n<meta property=\"og:description\" content=\"Avec Fabrice Camou, coach sportif en r\u00e9gion Bordelaise, b\u00e9n\u00e9ficiez d\u2019un programme sur-mesure \u00e0 domicile, en salle ou en ligne pour perdre du poids, tonifier votre corps et am\u00e9liorer vos performances.\" \/>\n<meta property=\"og:url\" content=\"https:\/\/camoucho.com\/wordpress\/coach-sportif\/\" \/>\n<meta property=\"og:site_name\" content=\"Camoucho\" \/>\n<meta property=\"article:modified_time\" content=\"2025-09-14T19:26:33+00:00\" \/>\n<meta name=\"twitter:card\" content=\"summary_large_image\" \/>\n<meta name=\"twitter:label1\" content=\"Dur\u00e9e de lecture estim\u00e9e\" \/>\n\t<meta name=\"twitter:data1\" content=\"2 minutes\" \/>\n<script type=\"application\/ld+json\" class=\"yoast-schema-graph\">{\"@context\":\"https:\/\/schema.org\",\"@graph\":[{\"@type\":\"WebPage\",\"@id\":\"https:\/\/camoucho.com\/wordpress\/coach-sportif\/\",\"url\":\"https:\/\/camoucho.com\/wordpress\/coach-sportif\/\",\"name\":\"Coaching Sportif - Camoucho\",\"isPartOf\":{\"@id\":\"https:\/\/camoucho.com\/wordpress\/#website\"},\"datePublished\":\"2025-09-05T09:55:47+00:00\",\"dateModified\":\"2025-09-14T19:26:33+00:00\",\"description\":\"Avec Fabrice Camou, coach sportif en r\u00e9gion Bordelaise, b\u00e9n\u00e9ficiez d\u2019un programme sur-mesure \u00e0 domicile, en salle ou en ligne pour perdre du poids, tonifier votre corps et am\u00e9liorer vos performances.\",\"breadcrumb\":{\"@id\":\"https:\/\/camoucho.com\/wordpress\/coach-sportif\/#breadcrumb\"},\"inLanguage\":\"fr-FR\",\"potentialAction\":[{\"@type\":\"ReadAction\",\"target\":[\"https:\/\/camoucho.com\/wordpress\/coach-sportif\/\"]}]},{\"@type\":\"BreadcrumbList\",\"@id\":\"https:\/\/camoucho.com\/wordpress\/coach-sportif\/#breadcrumb\",\"itemListElement\":[{\"@type\":\"ListItem\",\"position\":1,\"name\":\"Accueil\",\"item\":\"https:\/\/camoucho.com\/wordpress\/\"},{\"@type\":\"ListItem\",\"position\":2,\"name\":\"Coaching Sportif\"}]},{\"@type\":\"WebSite\",\"@id\":\"https:\/\/camoucho.com\/wordpress\/#website\",\"url\":\"https:\/\/camoucho.com\/wordpress\/\",\"name\":\"Camoucho\",\"description\":\"\",\"publisher\":{\"@id\":\"https:\/\/camoucho.com\/wordpress\/#organization\"},\"potentialAction\":[{\"@type\":\"SearchAction\",\"target\":{\"@type\":\"EntryPoint\",\"urlTemplate\":\"https:\/\/camoucho.com\/wordpress\/?s={search_term_string}\"},\"query-input\":{\"@type\":\"PropertyValueSpecification\",\"valueRequired\":true,\"valueName\":\"search_term_string\"}}],\"inLanguage\":\"fr-FR\"},{\"@type\":\"Organization\",\"@id\":\"https:\/\/camoucho.com\/wordpress\/#organization\",\"name\":\"Camoucho\",\"url\":\"https:\/\/camoucho.com\/wordpress\/\",\"logo\":{\"@type\":\"ImageObject\",\"inLanguage\":\"fr-FR\",\"@id\":\"https:\/\/camoucho.com\/wordpress\/#\/schema\/logo\/image\/\",\"url\":\"https:\/\/camoucho.com\/wordpress\/wp-content\/uploads\/2025\/09\/FABRICE_CAMOU_LOGO-removebg-preview.png\",\"contentUrl\":\"https:\/\/camoucho.com\/wordpress\/wp-content\/uploads\/2025\/09\/FABRICE_CAMOU_LOGO-removebg-preview.png\",\"width\":500,\"height\":500,\"caption\":\"Camoucho\"},\"image\":{\"@id\":\"https:\/\/camoucho.com\/wordpress\/#\/schema\/logo\/image\/\"}}]}<\/script>\n<!-- \/ Yoast SEO plugin. -->","yoast_head_json":{"title":"Coaching Sportif - Camoucho","description":"Avec Fabrice Camou, coach sportif en r\u00e9gion Bordelaise, b\u00e9n\u00e9ficiez d\u2019un programme sur-mesure \u00e0 domicile, en salle ou en ligne pour perdre du poids, tonifier votre corps et am\u00e9liorer vos performances.","robots":{"index":"index","follow":"follow","max-snippet":"max-snippet:-1","max-image-preview":"max-image-preview:large","max-video-preview":"max-video-preview:-1"},"canonical":"https:\/\/camoucho.com\/wordpress\/coach-sportif\/","og_locale":"fr_FR","og_type":"article","og_title":"Coaching Sportif - Camoucho","og_description":"Avec Fabrice Camou, coach sportif en r\u00e9gion Bordelaise, b\u00e9n\u00e9ficiez d\u2019un programme sur-mesure \u00e0 domicile, en salle ou en ligne pour perdre du poids, tonifier votre corps et am\u00e9liorer vos performances.","og_url":"https:\/\/camoucho.com\/wordpress\/coach-sportif\/","og_site_name":"Camoucho","article_modified_time":"2025-09-14T19:26:33+00:00","twitter_card":"summary_large_image","twitter_misc":{"Dur\u00e9e de lecture estim\u00e9e":"2 minutes"},"schema":{"@context":"https:\/\/schema.org","@graph":[{"@type":"WebPage","@id":"https:\/\/camoucho.com\/wordpress\/coach-sportif\/","url":"https:\/\/camoucho.com\/wordpress\/coach-sportif\/","name":"Coaching Sportif - Camoucho","isPartOf":{"@id":"https:\/\/camoucho.com\/wordpress\/#website"},"datePublished":"2025-09-05T09:55:47+00:00","dateModified":"2025-09-14T19:26:33+00:00","description":"Avec Fabrice Camou, coach sportif en r\u00e9gion Bordelaise, b\u00e9n\u00e9ficiez d\u2019un programme sur-mesure \u00e0 domicile, en salle ou en ligne pour perdre du poids, tonifier votre corps et am\u00e9liorer vos performances.","breadcrumb":{"@id":"https:\/\/camoucho.com\/wordpress\/coach-sportif\/#breadcrumb"},"inLanguage":"fr-FR","potentialAction":[{"@type":"ReadAction","target":["https:\/\/camoucho.com\/wordpress\/coach-sportif\/"]}]},{"@type":"BreadcrumbList","@id":"https:\/\/camoucho.com\/wordpress\/coach-sportif\/#breadcrumb","itemListElement":[{"@type":"ListItem","position":1,"name":"Accueil","item":"https:\/\/camoucho.com\/wordpress\/"},{"@type":"ListItem","position":2,"name":"Coaching Sportif"}]},{"@type":"WebSite","@id":"https:\/\/camoucho.com\/wordpress\/#website","url":"https:\/\/camoucho.com\/wordpress\/","name":"Camoucho","description":"","publisher":{"@id":"https:\/\/camoucho.com\/wordpress\/#organization"},"potentialAction":[{"@type":"SearchAction","target":{"@type":"EntryPoint","urlTemplate":"https:\/\/camoucho.com\/wordpress\/?s={search_term_string}"},"query-input":{"@type":"PropertyValueSpecification","valueRequired":true,"valueName":"search_term_string"}}],"inLanguage":"fr-FR"},{"@type":"Organization","@id":"https:\/\/camoucho.com\/wordpress\/#organization","name":"Camoucho","url":"https:\/\/camoucho.com\/wordpress\/","logo":{"@type":"ImageObject","inLanguage":"fr-FR","@id":"https:\/\/camoucho.com\/wordpress\/#\/schema\/logo\/image\/","url":"https:\/\/camoucho.com\/wordpress\/wp-content\/uploads\/2025\/09\/FABRICE_CAMOU_LOGO-removebg-preview.png","contentUrl":"https:\/\/camoucho.com\/wordpress\/wp-content\/uploads\/2025\/09\/FABRICE_CAMOU_LOGO-removebg-preview.png","width":500,"height":500,"caption":"Camoucho"},"image":{"@id":"https:\/\/camoucho.com\/wordpress\/#\/schema\/logo\/image\/"}}]}},"_links":{"self":[{"href":"https:\/\/camoucho.com\/wordpress\/wp-json\/wp\/v2\/pages\/27","targetHints":{"allow":["GET"]}}],"collection":[{"href":"https:\/\/camoucho.com\/wordpress\/wp-json\/wp\/v2\/pages"}],"about":[{"href":"https:\/\/camoucho.com\/wordpress\/wp-json\/wp\/v2\/types\/page"}],"author":[{"embeddable":true,"href":"https:\/\/camoucho.com\/wordpress\/wp-json\/wp\/v2\/users\/3"}],"replies":[{"embeddable":true,"href":"https:\/\/camoucho.com\/wordpress\/wp-json\/wp\/v2\/comments?post=27"}],"version-history":[{"count":15,"href":"https:\/\/camoucho.com\/wordpress\/wp-json\/wp\/v2\/pages\/27\/revisions"}],"predecessor-version":[{"id":618,"href":"https:\/\/camoucho.com\/wordpress\/wp-json\/wp\/v2\/pages\/27\/revisions\/618"}],"wp:attachment":[{"href":"https:\/\/camoucho.com\/wordpress\/wp-json\/wp\/v2\/media?parent=27"}],"wp:term":[{"taxonomy":"dipi_cpt_category","embeddable":true,"href":"https:\/\/camoucho.com\/wordpress\/wp-json\/wp\/v2\/dipi_cpt_category?post=27"}],"curies":[{"name":"wp","href":"https:\/\/api.w.org\/{rel}","templated":true}]}}